{"id":1159,"date":"2026-01-14T13:05:00","date_gmt":"2026-01-14T12:05:00","guid":{"rendered":"https:\/\/skynative-consulting.eu\/soziokratie\/"},"modified":"2026-03-23T11:37:56","modified_gmt":"2026-03-23T10:37:56","slug":"soziokratie","status":"publish","type":"page","link":"https:\/\/skynative-consulting.eu\/de\/soziokratie\/","title":{"rendered":"Soziokratie"},"content":{"rendered":"\t\t<div data-elementor-type=\"wp-page\" data-elementor-id=\"1159\" class=\"elementor elementor-1159 elementor-34\">\n\t\t\t\t<div class=\"elementor-element elementor-element-78fb0ca e-flex e-con-boxed e-con e-parent\" data-id=\"78fb0ca\" data-element_type=\"container\" data-e-type=\"container\" data-settings=\"{&quot;background_background&quot;:&quot;classic&quot;}\">\n\t\t\t\t\t<div class=\"e-con-inner\">\n\t\t<div class=\"elementor-element elementor-element-d94e69e e-con-full e-flex e-con e-child\" data-id=\"d94e69e\" data-element_type=\"container\" data-e-type=\"container\">\n\t\t<div class=\"elementor-element elementor-element-f6ee266 e-flex e-con-boxed e-con e-child\" data-id=\"f6ee266\" data-element_type=\"container\" data-e-type=\"container\">\n\t\t\t\t\t<div class=\"e-con-inner\">\n\t\t\t\t<div class=\"elementor-element elementor-element-188c4f4 elementor-widget elementor-widget-heading\" data-id=\"188c4f4\" data-element_type=\"widget\" data-e-type=\"widget\" data-widget_type=\"heading.default\">\n\t\t\t\t\t<h1 class=\"elementor-heading-title elementor-size-default\">Warum Soziokratie?<\/h1>\t\t\t\t<\/div>\n\t\t\t\t<div class=\"elementor-element elementor-element-d86db2e elementor-widget elementor-widget-text-editor\" data-id=\"d86db2e\" data-element_type=\"widget\" data-e-type=\"widget\" data-widget_type=\"text-editor.default\">\n\t\t\t\t\t\t\t\t\t<p>Wir helfen Unternehmen dabei, ihr Potenzial auszusch\u00f6pfen und echte Ver\u00e4nderungen zu bewirken. Entdecken Sie noch heute, wie wir Sie bei Ihrer Mission unterst\u00fctzen k\u00f6nnen.  <\/p>\t\t\t\t\t\t\t\t<\/div>\n\t\t\t\t\t<\/div>\n\t\t\t\t<\/div>\n\t\t\t\t<\/div>\n\t\t\t\t\t<\/div>\n\t\t\t\t<\/div>\n\t\t<div class=\"elementor-element elementor-element-936fc05 e-flex e-con-boxed e-con e-parent\" data-id=\"936fc05\" data-element_type=\"container\" data-e-type=\"container\" data-settings=\"{&quot;background_background&quot;:&quot;classic&quot;}\">\n\t\t\t\t\t<div class=\"e-con-inner\">\n\t\t\t\t\t<\/div>\n\t\t\t\t<\/div>\n\t\t<div class=\"elementor-element elementor-element-49d489c e-flex e-con-boxed e-con e-parent\" data-id=\"49d489c\" data-element_type=\"container\" data-e-type=\"container\" data-settings=\"{&quot;background_background&quot;:&quot;classic&quot;}\">\n\t\t\t\t\t<div class=\"e-con-inner\">\n\t\t<div class=\"elementor-element elementor-element-8b77f4d e-con-full e-flex e-con e-child\" data-id=\"8b77f4d\" data-element_type=\"container\" data-e-type=\"container\">\n\t\t\t\t<div class=\"elementor-element elementor-element-b24af28 elementor-widget-divider--view-line elementor-widget elementor-widget-divider\" data-id=\"b24af28\" data-element_type=\"widget\" data-e-type=\"widget\" data-widget_type=\"divider.default\">\n\t\t\t\t\t\t\t<div class=\"elementor-divider\">\n\t\t\t<span class=\"elementor-divider-separator\">\n\t\t\t\t\t\t<\/span>\n\t\t<\/div>\n\t\t\t\t\t\t<\/div>\n\t\t\t\t<div class=\"elementor-element elementor-element-b8e624a elementor-widget elementor-widget-text-editor\" data-id=\"b8e624a\" data-element_type=\"widget\" data-e-type=\"widget\" data-widget_type=\"text-editor.default\">\n\t\t\t\t\t\t\t\t\t<p>Fallstudien zeigen, dass Organisationen, die soziokratisch arbeiten, durchschnittlich 20 bis 30 Prozent mehr Zeit mit n\u00fctzlichen Aktivit\u00e4ten wie Innovation, Produktion oder Dienstleistungen verbringen als hierarchische Organisationen. <br><br>Wir glauben, und die Neurowissenschaft zeigt, dass Menschen von Natur aus kooperativ sind und die F\u00e4higkeit haben, gemeinsame Ziele zu setzen und gute Entscheidungen zu treffen. Immer wieder erleben wir jedoch Stagnation und Frustration, wenn dieselben Ideen, Herausforderungen, Meinungsverschiedenheiten und Fragen immer wieder auftauchen und verschwinden, ohne dass auf sie eingegangen wird. Manchmal wird keine Entscheidung getroffen, oder die lauteste oder rangh\u00f6chste Person gewinnt, manchmal ist nicht einmal klar, wor\u00fcber entschieden wird oder wer entscheiden darf.  <\/p>\t\t\t\t\t\t\t\t<\/div>\n\t\t\t\t<\/div>\n\t\t\t\t\t<\/div>\n\t\t\t\t<\/div>\n\t\t<div class=\"elementor-element elementor-element-706d2de e-con-full e-flex e-con e-parent\" data-id=\"706d2de\" data-element_type=\"container\" data-e-type=\"container\" data-settings=\"{&quot;background_background&quot;:&quot;classic&quot;}\">\n\t\t<div class=\"elementor-element elementor-element-c9d1f29 e-flex e-con-boxed e-con e-child\" data-id=\"c9d1f29\" data-element_type=\"container\" data-e-type=\"container\">\n\t\t\t\t\t<div class=\"e-con-inner\">\n\t\t<div class=\"elementor-element elementor-element-31459a9 e-con-full e-flex e-con e-child\" data-id=\"31459a9\" data-element_type=\"container\" data-e-type=\"container\" data-settings=\"{&quot;background_background&quot;:&quot;classic&quot;}\">\n\t\t\t\t<div class=\"elementor-element elementor-element-179b383 elementor-widget elementor-widget-image\" data-id=\"179b383\" data-element_type=\"widget\" data-e-type=\"widget\" data-widget_type=\"image.default\">\n\t\t\t\t\t\t\t\t\t\t\t\t\t\t\t<img fetchpriority=\"high\" decoding=\"async\" width=\"800\" height=\"969\" src=\"https:\/\/skynative-consulting.eu\/wp-content\/uploads\/2026\/03\/D_Illustration_10-845x1024.png\" class=\"attachment-large size-large wp-image-2336\" alt=\"Illustration with a women building with forms\" srcset=\"https:\/\/skynative-consulting.eu\/wp-content\/uploads\/2026\/03\/D_Illustration_10-845x1024.png 845w, https:\/\/skynative-consulting.eu\/wp-content\/uploads\/2026\/03\/D_Illustration_10-248x300.png 248w, https:\/\/skynative-consulting.eu\/wp-content\/uploads\/2026\/03\/D_Illustration_10-768x930.png 768w, https:\/\/skynative-consulting.eu\/wp-content\/uploads\/2026\/03\/D_Illustration_10-1268x1536.png 1268w, https:\/\/skynative-consulting.eu\/wp-content\/uploads\/2026\/03\/D_Illustration_10.png 1585w\" sizes=\"(max-width: 800px) 100vw, 800px\" \/>\t\t\t\t\t\t\t\t\t\t\t\t\t\t\t<\/div>\n\t\t\t\t<\/div>\n\t\t<div class=\"elementor-element elementor-element-38b9041 e-con-full e-flex e-con e-child\" data-id=\"38b9041\" data-element_type=\"container\" data-e-type=\"container\">\n\t\t\t\t<div class=\"elementor-element elementor-element-f2e202b elementor-widget elementor-widget-text-editor\" data-id=\"f2e202b\" data-element_type=\"widget\" data-e-type=\"widget\" data-widget_type=\"text-editor.default\">\n\t\t\t\t\t\t\t\t\t<p>Um Menschen dabei zu helfen, ihre nat\u00fcrliche F\u00e4higkeit zur Zusammenarbeit zu f\u00f6rdern, arbeiten wir mit Soziokratie. Soziokratie ist das beste uns bekannte Rahmenwerk f\u00fcr Peer-Governance. Es basiert auf einigen einfachen Prinzipien, die umso besser funktionieren, je mehr wir sie praktizieren und uns gegenseitig Feedback geben.  <\/p>\t\t\t\t\t\t\t\t<\/div>\n\t\t\t\t<\/div>\n\t\t\t\t\t<\/div>\n\t\t\t\t<\/div>\n\t\t\t\t<\/div>\n\t\t<div class=\"elementor-element elementor-element-2cba3a0 e-flex e-con-boxed e-con e-parent\" data-id=\"2cba3a0\" data-element_type=\"container\" data-e-type=\"container\">\n\t\t\t\t\t<div class=\"e-con-inner\">\n\t\t<div class=\"elementor-element elementor-element-fdd116a e-con-full e-flex e-con e-child\" data-id=\"fdd116a\" data-element_type=\"container\" data-e-type=\"container\">\n\t\t\t\t<div class=\"elementor-element elementor-element-c640bce elementor-widget elementor-widget-heading\" data-id=\"c640bce\" data-element_type=\"widget\" data-e-type=\"widget\" data-widget_type=\"heading.default\">\n\t\t\t\t\t<h2 class=\"elementor-heading-title elementor-size-default\">Vorteile<\/h2>\t\t\t\t<\/div>\n\t\t\t\t<\/div>\n\t\t<div class=\"elementor-element elementor-element-4b9fa0e e-con-full e-flex e-con e-child\" data-id=\"4b9fa0e\" data-element_type=\"container\" data-e-type=\"container\">\n\t\t\t\t<div class=\"elementor-element elementor-element-1e5778d elementor-widget elementor-widget-text-editor\" data-id=\"1e5778d\" data-element_type=\"widget\" data-e-type=\"widget\" data-widget_type=\"text-editor.default\">\n\t\t\t\t\t\t\t\t\t<p>Jede Organisation hat eine Form von Governance, sei sie implizit oder explizit. Governance hat zu tun mit <\/p>\t\t\t\t\t\t\t\t<\/div>\n\t\t<div class=\"elementor-element elementor-element-5d8bd60 e-con-full e-flex e-con e-child\" data-id=\"5d8bd60\" data-element_type=\"container\" data-e-type=\"container\">\n\t\t<div class=\"elementor-element elementor-element-a63247f e-con-full e-flex e-con e-child\" data-id=\"a63247f\" data-element_type=\"container\" data-e-type=\"container\">\n\t\t\t\t<div class=\"elementor-element elementor-element-85ecb9a elementor-widget-divider--view-line elementor-widget elementor-widget-divider\" data-id=\"85ecb9a\" data-element_type=\"widget\" data-e-type=\"widget\" data-widget_type=\"divider.default\">\n\t\t\t\t\t\t\t<div class=\"elementor-divider\">\n\t\t\t<span class=\"elementor-divider-separator\">\n\t\t\t\t\t\t<\/span>\n\t\t<\/div>\n\t\t\t\t\t\t<\/div>\n\t\t\t\t<\/div>\n\t\t<div class=\"elementor-element elementor-element-d71c35d e-con-full e-flex e-con e-child\" data-id=\"d71c35d\" data-element_type=\"container\" data-e-type=\"container\">\n\t\t\t\t<div class=\"elementor-element elementor-element-27ac53c elementor-widget elementor-widget-text-editor\" data-id=\"27ac53c\" data-element_type=\"widget\" data-e-type=\"widget\" data-widget_type=\"text-editor.default\">\n\t\t\t\t\t\t\t\t\t<p style=\"font-weight: 400;\"><strong>Wie wir Entscheidungen \u00fcber die Organisation unserer Aktivit\u00e4ten treffen<\/strong><\/p>\t\t\t\t\t\t\t\t<\/div>\n\t\t\t\t<\/div>\n\t\t\t\t<\/div>\n\t\t<div class=\"elementor-element elementor-element-3e2bb7b e-con-full e-flex e-con e-child\" data-id=\"3e2bb7b\" data-element_type=\"container\" data-e-type=\"container\">\n\t\t<div class=\"elementor-element elementor-element-1ceb8f0 e-con-full e-flex e-con e-child\" data-id=\"1ceb8f0\" data-element_type=\"container\" data-e-type=\"container\">\n\t\t\t\t<div class=\"elementor-element elementor-element-ed675fe elementor-widget-divider--view-line elementor-widget elementor-widget-divider\" data-id=\"ed675fe\" data-element_type=\"widget\" data-e-type=\"widget\" data-widget_type=\"divider.default\">\n\t\t\t\t\t\t\t<div class=\"elementor-divider\">\n\t\t\t<span class=\"elementor-divider-separator\">\n\t\t\t\t\t\t<\/span>\n\t\t<\/div>\n\t\t\t\t\t\t<\/div>\n\t\t\t\t<\/div>\n\t\t<div class=\"elementor-element elementor-element-0b5fc3c e-con-full e-flex e-con e-child\" data-id=\"0b5fc3c\" data-element_type=\"container\" data-e-type=\"container\">\n\t\t\t\t<div class=\"elementor-element elementor-element-17cfac8 elementor-widget elementor-widget-text-editor\" data-id=\"17cfac8\" data-element_type=\"widget\" data-e-type=\"widget\" data-widget_type=\"text-editor.default\">\n\t\t\t\t\t\t\t\t\t<p style=\"font-weight: 400;\"><strong>Vereinbarungen dar\u00fcber, wer was mit wem entscheidet<\/strong><\/p>\t\t\t\t\t\t\t\t<\/div>\n\t\t\t\t<\/div>\n\t\t\t\t<\/div>\n\t\t<div class=\"elementor-element elementor-element-4830295 e-con-full e-flex e-con e-child\" data-id=\"4830295\" data-element_type=\"container\" data-e-type=\"container\">\n\t\t<div class=\"elementor-element elementor-element-14d2314 e-con-full e-flex e-con e-child\" data-id=\"14d2314\" data-element_type=\"container\" data-e-type=\"container\">\n\t\t\t\t<div class=\"elementor-element elementor-element-01cc961 elementor-widget-divider--view-line elementor-widget elementor-widget-divider\" data-id=\"01cc961\" data-element_type=\"widget\" data-e-type=\"widget\" data-widget_type=\"divider.default\">\n\t\t\t\t\t\t\t<div class=\"elementor-divider\">\n\t\t\t<span class=\"elementor-divider-separator\">\n\t\t\t\t\t\t<\/span>\n\t\t<\/div>\n\t\t\t\t\t\t<\/div>\n\t\t\t\t<\/div>\n\t\t<div class=\"elementor-element elementor-element-92e0953 e-con-full e-flex e-con e-child\" data-id=\"92e0953\" data-element_type=\"container\" data-e-type=\"container\">\n\t\t\t\t<div class=\"elementor-element elementor-element-7c6a282 elementor-widget elementor-widget-text-editor\" data-id=\"7c6a282\" data-element_type=\"widget\" data-e-type=\"widget\" data-widget_type=\"text-editor.default\">\n\t\t\t\t\t\t\t\t\t<p style=\"font-weight: 400;\"><strong>Wie Ergebnisse sichergestellt werden<\/strong><\/p>\t\t\t\t\t\t\t\t<\/div>\n\t\t\t\t<\/div>\n\t\t\t\t<\/div>\n\t\t<div class=\"elementor-element elementor-element-30f5598 e-con-full e-flex e-con e-child\" data-id=\"30f5598\" data-element_type=\"container\" data-e-type=\"container\">\n\t\t<div class=\"elementor-element elementor-element-c15e028 e-con-full e-flex e-con e-child\" data-id=\"c15e028\" data-element_type=\"container\" data-e-type=\"container\">\n\t\t\t\t<div class=\"elementor-element elementor-element-85d64fb elementor-widget-divider--view-line elementor-widget elementor-widget-divider\" data-id=\"85d64fb\" data-element_type=\"widget\" data-e-type=\"widget\" data-widget_type=\"divider.default\">\n\t\t\t\t\t\t\t<div class=\"elementor-divider\">\n\t\t\t<span class=\"elementor-divider-separator\">\n\t\t\t\t\t\t<\/span>\n\t\t<\/div>\n\t\t\t\t\t\t<\/div>\n\t\t\t\t<\/div>\n\t\t<div class=\"elementor-element elementor-element-3a04efa e-con-full e-flex e-con e-child\" data-id=\"3a04efa\" data-element_type=\"container\" data-e-type=\"container\">\n\t\t\t\t<div class=\"elementor-element elementor-element-92f9afe elementor-widget elementor-widget-text-editor\" data-id=\"92f9afe\" data-element_type=\"widget\" data-e-type=\"widget\" data-widget_type=\"text-editor.default\">\n\t\t\t\t\t\t\t\t\t<p style=\"font-weight: 400;\"><strong>Wie wir uns im Laufe der Zeit verbessern<\/strong><\/p>\t\t\t\t\t\t\t\t<\/div>\n\t\t\t\t<\/div>\n\t\t\t\t<\/div>\n\t\t\t\t<\/div>\n\t\t\t\t\t<\/div>\n\t\t\t\t<\/div>\n\t\t<div class=\"elementor-element elementor-element-c2edeae e-flex e-con-boxed e-con e-parent\" data-id=\"c2edeae\" data-element_type=\"container\" data-e-type=\"container\">\n\t\t\t\t\t<div class=\"e-con-inner\">\n\t\t<div class=\"elementor-element elementor-element-78c28a8 e-con-full e-flex e-con e-child\" data-id=\"78c28a8\" data-element_type=\"container\" data-e-type=\"container\">\n\t\t\t\t<div class=\"elementor-element elementor-element-21c2cc8 elementor-widget elementor-widget-heading\" data-id=\"21c2cc8\" data-element_type=\"widget\" data-e-type=\"widget\" data-widget_type=\"heading.default\">\n\t\t\t\t\t<h2 class=\"elementor-heading-title elementor-size-default\">Warum Soziokratie?<\/h2>\t\t\t\t<\/div>\n\t\t\t\t<\/div>\n\t\t<div class=\"elementor-element elementor-element-64669d7 e-con-full e-flex e-con e-child\" data-id=\"64669d7\" data-element_type=\"container\" data-e-type=\"container\">\n\t\t\t\t<div class=\"elementor-element elementor-element-7758f2b elementor-widget elementor-widget-text-editor\" data-id=\"7758f2b\" data-element_type=\"widget\" data-e-type=\"widget\" data-widget_type=\"text-editor.default\">\n\t\t\t\t\t\t\t\t\t<p>Soziokratie basiert auf der einfachen Idee, dass Menschen und Gruppen, die miteinander in Verbindung stehen, gemeinsam entscheiden sollten.<\/p>\t\t\t\t\t\t\t\t<\/div>\n\t\t\t\t<div class=\"elementor-element elementor-element-6cfa6da elementor-widget elementor-widget-text-editor\" data-id=\"6cfa6da\" data-element_type=\"widget\" data-e-type=\"widget\" data-widget_type=\"text-editor.default\">\n\t\t\t\t\t\t\t\t\t<p><strong>Soziokratie findet statt<\/strong><\/p>\t\t\t\t\t\t\t\t<\/div>\n\t\t<div class=\"elementor-element elementor-element-540cff4 e-con-full e-flex e-con e-child\" data-id=\"540cff4\" data-element_type=\"container\" data-e-type=\"container\">\n\t\t<div class=\"elementor-element elementor-element-ba74a56 e-con-full e-flex e-con e-child\" data-id=\"ba74a56\" data-element_type=\"container\" data-e-type=\"container\">\n\t\t\t\t<div class=\"elementor-element elementor-element-31ca4b0 elementor-widget-divider--view-line elementor-widget elementor-widget-divider\" data-id=\"31ca4b0\" data-element_type=\"widget\" data-e-type=\"widget\" data-widget_type=\"divider.default\">\n\t\t\t\t\t\t\t<div class=\"elementor-divider\">\n\t\t\t<span class=\"elementor-divider-separator\">\n\t\t\t\t\t\t<\/span>\n\t\t<\/div>\n\t\t\t\t\t\t<\/div>\n\t\t\t\t<\/div>\n\t\t<div class=\"elementor-element elementor-element-beb5fc6 e-con-full e-flex e-con e-child\" data-id=\"beb5fc6\" data-element_type=\"container\" data-e-type=\"container\">\n\t\t\t\t<div class=\"elementor-element elementor-element-09df7e9 elementor-widget elementor-widget-text-editor\" data-id=\"09df7e9\" data-element_type=\"widget\" data-e-type=\"widget\" data-widget_type=\"text-editor.default\">\n\t\t\t\t\t\t\t\t\t<p style=\"font-weight: 400;\"><strong>in Besprechungen<\/strong><\/p>\t\t\t\t\t\t\t\t<\/div>\n\t\t\t\t<\/div>\n\t\t\t\t<\/div>\n\t\t<div class=\"elementor-element elementor-element-f0aa0a1 e-con-full e-flex e-con e-child\" data-id=\"f0aa0a1\" data-element_type=\"container\" data-e-type=\"container\">\n\t\t<div class=\"elementor-element elementor-element-63d246f e-con-full e-flex e-con e-child\" data-id=\"63d246f\" data-element_type=\"container\" data-e-type=\"container\">\n\t\t\t\t<div class=\"elementor-element elementor-element-ab83d41 elementor-widget-divider--view-line elementor-widget elementor-widget-divider\" data-id=\"ab83d41\" data-element_type=\"widget\" data-e-type=\"widget\" data-widget_type=\"divider.default\">\n\t\t\t\t\t\t\t<div class=\"elementor-divider\">\n\t\t\t<span class=\"elementor-divider-separator\">\n\t\t\t\t\t\t<\/span>\n\t\t<\/div>\n\t\t\t\t\t\t<\/div>\n\t\t\t\t<\/div>\n\t\t<div class=\"elementor-element elementor-element-ca71377 e-con-full e-flex e-con e-child\" data-id=\"ca71377\" data-element_type=\"container\" data-e-type=\"container\">\n\t\t\t\t<div class=\"elementor-element elementor-element-332c5c0 elementor-widget elementor-widget-text-editor\" data-id=\"332c5c0\" data-element_type=\"widget\" data-e-type=\"widget\" data-widget_type=\"text-editor.default\">\n\t\t\t\t\t\t\t\t\t<p style=\"font-weight: 400;\"><strong>in Teams<\/strong><\/p>\t\t\t\t\t\t\t\t<\/div>\n\t\t\t\t<\/div>\n\t\t\t\t<\/div>\n\t\t<div class=\"elementor-element elementor-element-2729edc e-con-full e-flex e-con e-child\" data-id=\"2729edc\" data-element_type=\"container\" data-e-type=\"container\">\n\t\t<div class=\"elementor-element elementor-element-fa1b758 e-con-full e-flex e-con e-child\" data-id=\"fa1b758\" data-element_type=\"container\" data-e-type=\"container\">\n\t\t\t\t<div class=\"elementor-element elementor-element-b147883 elementor-widget-divider--view-line elementor-widget elementor-widget-divider\" data-id=\"b147883\" data-element_type=\"widget\" data-e-type=\"widget\" data-widget_type=\"divider.default\">\n\t\t\t\t\t\t\t<div class=\"elementor-divider\">\n\t\t\t<span class=\"elementor-divider-separator\">\n\t\t\t\t\t\t<\/span>\n\t\t<\/div>\n\t\t\t\t\t\t<\/div>\n\t\t\t\t<\/div>\n\t\t<div class=\"elementor-element elementor-element-fb054ed e-con-full e-flex e-con e-child\" data-id=\"fb054ed\" data-element_type=\"container\" data-e-type=\"container\">\n\t\t\t\t<div class=\"elementor-element elementor-element-6cf4d4a elementor-widget elementor-widget-text-editor\" data-id=\"6cf4d4a\" data-element_type=\"widget\" data-e-type=\"widget\" data-widget_type=\"text-editor.default\">\n\t\t\t\t\t\t\t\t\t<p style=\"font-weight: 400;\"><strong>zwischen Teams und Organisationen<\/strong><\/p>\t\t\t\t\t\t\t\t<\/div>\n\t\t\t\t<\/div>\n\t\t\t\t<\/div>\n\t\t\t\t<div class=\"elementor-element elementor-element-3321a97 elementor-widget elementor-widget-text-editor\" data-id=\"3321a97\" data-element_type=\"widget\" data-e-type=\"widget\" data-widget_type=\"text-editor.default\">\n\t\t\t\t\t\t\t\t\t<p>Sie delegiert so viel Entscheidungsmacht wie m\u00f6glich an Einzelpersonen und Teams und minimiert so den Bedarf an Koordination und zentraler Kontrolle. Dies macht sie ideal f\u00fcr eine vertrauensvolle Zusammenarbeit in gro\u00dfen Organisationen oder zwischen unabh\u00e4ngigen Organisationen. Dies geschieht durch einige wenige Rollen und Prinzipien, die nur in der Praxis und durch Erfahrung erlernt werden k\u00f6nnen.  <\/p>\t\t\t\t\t\t\t\t<\/div>\n\t\t\t\t<\/div>\n\t\t\t\t\t<\/div>\n\t\t\t\t<\/div>\n\t\t<div class=\"elementor-element elementor-element-5b358e6 e-flex e-con-boxed e-con e-parent\" data-id=\"5b358e6\" data-element_type=\"container\" data-e-type=\"container\">\n\t\t\t\t\t<div class=\"e-con-inner\">\n\t\t\t\t<div class=\"elementor-element elementor-element-e25eb24 elementor-widget elementor-widget-image\" data-id=\"e25eb24\" data-element_type=\"widget\" data-e-type=\"widget\" data-widget_type=\"image.default\">\n\t\t\t\t\t\t\t\t\t\t\t\t\t\t\t<img decoding=\"async\" width=\"1920\" height=\"1522\" src=\"https:\/\/skynative-consulting.eu\/wp-content\/uploads\/2026\/03\/Sociocracy_circles_de-1.png\" class=\"attachment-full size-full wp-image-2536\" alt=\"\" srcset=\"https:\/\/skynative-consulting.eu\/wp-content\/uploads\/2026\/03\/Sociocracy_circles_de-1.png 1920w, https:\/\/skynative-consulting.eu\/wp-content\/uploads\/2026\/03\/Sociocracy_circles_de-1-300x238.png 300w, https:\/\/skynative-consulting.eu\/wp-content\/uploads\/2026\/03\/Sociocracy_circles_de-1-1024x812.png 1024w, https:\/\/skynative-consulting.eu\/wp-content\/uploads\/2026\/03\/Sociocracy_circles_de-1-768x609.png 768w, https:\/\/skynative-consulting.eu\/wp-content\/uploads\/2026\/03\/Sociocracy_circles_de-1-1536x1218.png 1536w\" sizes=\"(max-width: 1920px) 100vw, 1920px\" \/>\t\t\t\t\t\t\t\t\t\t\t\t\t\t\t<\/div>\n\t\t\t\t\t<\/div>\n\t\t\t\t<\/div>\n\t\t<div class=\"elementor-element elementor-element-f27c740 e-flex e-con-boxed e-con e-parent\" data-id=\"f27c740\" data-element_type=\"container\" data-e-type=\"container\">\n\t\t\t\t\t<div class=\"e-con-inner\">\n\t\t<div class=\"elementor-element elementor-element-4358f26 e-con-full e-flex e-con e-child\" data-id=\"4358f26\" data-element_type=\"container\" data-e-type=\"container\">\n\t\t\t\t<div class=\"elementor-element elementor-element-4bf58b5 elementor-widget elementor-widget-heading\" data-id=\"4bf58b5\" data-element_type=\"widget\" data-e-type=\"widget\" data-widget_type=\"heading.default\">\n\t\t\t\t\t<h2 class=\"elementor-heading-title elementor-size-default\">Wie f\u00fchlt sich Soziokratie an?<\/h2>\t\t\t\t<\/div>\n\t\t\t\t<\/div>\n\t\t<div class=\"elementor-element elementor-element-3fb183a e-con-full e-flex e-con e-child\" data-id=\"3fb183a\" data-element_type=\"container\" data-e-type=\"container\">\n\t\t\t\t<div class=\"elementor-element elementor-element-cabb9d4 elementor-widget elementor-widget-text-editor\" data-id=\"cabb9d4\" data-element_type=\"widget\" data-e-type=\"widget\" data-widget_type=\"text-editor.default\">\n\t\t\t\t\t\t\t\t\t<p style=\"font-weight: 400;\">Soziokratie schafft eine Atmosph\u00e4re der entspannten, offenen Neugier, da die Menschen sich Zeit nehmen, einander zuzuh\u00f6ren, Fragen zu stellen, die Anliegen und Erfahrungen anderer zu ber\u00fccksichtigen und dann bessere Ideen und L\u00f6sungen zu entwickeln. F\u00fcr manche Menschen ist es entscheidend zu wissen, dass sie geh\u00f6rt werden, f\u00fcr andere ist es die Erkenntnis, dass sie der Weisheit im Raum vertrauen und somit die Verantwortung mit anderen teilen k\u00f6nnen. <\/p>\t\t\t\t\t\t\t\t<\/div>\n\t\t\t\t<\/div>\n\t\t\t\t\t<\/div>\n\t\t\t\t<\/div>\n\t\t<div class=\"elementor-element elementor-element-e258a91 e-flex e-con-boxed e-con e-parent\" data-id=\"e258a91\" data-element_type=\"container\" data-e-type=\"container\">\n\t\t\t\t\t<div class=\"e-con-inner\">\n\t\t<div class=\"elementor-element elementor-element-22b10f6 e-con-full e-flex e-con e-child\" data-id=\"22b10f6\" data-element_type=\"container\" data-e-type=\"container\">\n\t\t\t\t<div class=\"elementor-element elementor-element-efd440d elementor-widget elementor-widget-heading\" data-id=\"efd440d\" data-element_type=\"widget\" data-e-type=\"widget\" data-widget_type=\"heading.default\">\n\t\t\t\t\t<h2 class=\"elementor-heading-title elementor-size-default\">Was Soziokratie nicht ist<\/h2>\t\t\t\t<\/div>\n\t\t\t\t<\/div>\n\t\t<div class=\"elementor-element elementor-element-adadc9c e-con-full e-flex e-con e-child\" data-id=\"adadc9c\" data-element_type=\"container\" data-e-type=\"container\">\n\t\t\t\t<div class=\"elementor-element elementor-element-6924c9d elementor-widget elementor-widget-text-editor\" data-id=\"6924c9d\" data-element_type=\"widget\" data-e-type=\"widget\" data-widget_type=\"text-editor.default\">\n\t\t\t\t\t\t\t\t\t<p style=\"font-weight: 400;\">Soziokratie bedeutet nicht, dass jeder Einzelne \u00fcber alles entscheiden kann oder dass die gesamte Organisation jeder Entscheidung zustimmen muss. Soziokratie geht mit klaren Entscheidungsbefugnissen, Rollen und Verantwortlichkeiten einher. An der Entscheidungsfindung sind diejenigen beteiligt, die von einer Entscheidung betroffen sind, und sie basiert auf dem Prinzip \u201egut genug f\u00fcr den Moment, sicher genug, um es zu versuchen\u201c.  <\/p>\t\t\t\t\t\t\t\t<\/div>\n\t\t\t\t<\/div>\n\t\t\t\t\t<\/div>\n\t\t\t\t<\/div>\n\t\t\t\t<\/div>\n\t\t","protected":false},"excerpt":{"rendered":"<p>Warum Soziokratie? Wir helfen Unternehmen dabei, ihr Potenzial auszusch\u00f6pfen und echte Ver\u00e4nderungen zu bewirken. Entdecken Sie noch heute, wie wir Sie bei Ihrer Mission unterst\u00fctzen k\u00f6nnen. Fallstudien zeigen, dass Organisationen, die soziokratisch arbeiten, durchschnittlich 20 bis 30 Prozent mehr Zeit mit n\u00fctzlichen Aktivit\u00e4ten wie Innovation, Produktion oder Dienstleistungen verbringen als hierarchische Organisationen. Wir glauben, und [&hellip;]<\/p>\n","protected":false},"author":1,"featured_media":0,"parent":0,"menu_order":0,"comment_status":"closed","ping_status":"closed","template":"","meta":{"footnotes":""},"class_list":["post-1159","page","type-page","status-publish","hentry"],"_links":{"self":[{"href":"https:\/\/skynative-consulting.eu\/de\/wp-json\/wp\/v2\/pages\/1159","targetHints":{"allow":["GET"]}}],"collection":[{"href":"https:\/\/skynative-consulting.eu\/de\/wp-json\/wp\/v2\/pages"}],"about":[{"href":"https:\/\/skynative-consulting.eu\/de\/wp-json\/wp\/v2\/types\/page"}],"author":[{"embeddable":true,"href":"https:\/\/skynative-consulting.eu\/de\/wp-json\/wp\/v2\/users\/1"}],"replies":[{"embeddable":true,"href":"https:\/\/skynative-consulting.eu\/de\/wp-json\/wp\/v2\/comments?post=1159"}],"version-history":[{"count":10,"href":"https:\/\/skynative-consulting.eu\/de\/wp-json\/wp\/v2\/pages\/1159\/revisions"}],"predecessor-version":[{"id":2926,"href":"https:\/\/skynative-consulting.eu\/de\/wp-json\/wp\/v2\/pages\/1159\/revisions\/2926"}],"wp:attachment":[{"href":"https:\/\/skynative-consulting.eu\/de\/wp-json\/wp\/v2\/media?parent=1159"}],"curies":[{"name":"wp","href":"https:\/\/api.w.org\/{rel}","templated":true}]}}