{"id":1164,"date":"2026-01-14T13:05:46","date_gmt":"2026-01-14T12:05:46","guid":{"rendered":"https:\/\/skynative-consulting.eu\/fairpreisung\/"},"modified":"2026-03-23T12:20:36","modified_gmt":"2026-03-23T11:20:36","slug":"fairpreisung","status":"publish","type":"page","link":"https:\/\/skynative-consulting.eu\/de\/fairpreisung\/","title":{"rendered":"Fairpreisung"},"content":{"rendered":"\t\t<div data-elementor-type=\"wp-page\" data-elementor-id=\"1164\" class=\"elementor elementor-1164 elementor-42\">\n\t\t\t\t<div class=\"elementor-element elementor-element-f31ab27 e-flex e-con-boxed e-con e-parent\" data-id=\"f31ab27\" data-element_type=\"container\" data-e-type=\"container\" data-settings=\"{&quot;background_background&quot;:&quot;classic&quot;}\">\n\t\t\t\t\t<div class=\"e-con-inner\">\n\t\t<div class=\"elementor-element elementor-element-955ad8a e-con-full e-flex e-con e-child\" data-id=\"955ad8a\" data-element_type=\"container\" data-e-type=\"container\" data-settings=\"{&quot;background_background&quot;:&quot;classic&quot;}\">\n\t\t<div class=\"elementor-element elementor-element-fcd0f31 e-con-full e-flex e-con e-child\" data-id=\"fcd0f31\" data-element_type=\"container\" data-e-type=\"container\">\n\t\t\t\t<div class=\"elementor-element elementor-element-c91c3c3 elementor-widget elementor-widget-heading\" data-id=\"c91c3c3\" data-element_type=\"widget\" data-e-type=\"widget\" data-widget_type=\"heading.default\">\n\t\t\t\t\t<h2 class=\"elementor-heading-title elementor-size-default\">Fairpreisung f\u00fcr Transformationsprojekte<\/h2>\t\t\t\t<\/div>\n\t\t\t\t<div class=\"elementor-element elementor-element-1430bf3 elementor-widget elementor-widget-text-editor\" data-id=\"1430bf3\" data-element_type=\"widget\" data-e-type=\"widget\" data-widget_type=\"text-editor.default\">\n\t\t\t\t\t\t\t\t\t<p>Wirklich transformative Projekte brauchen transformative Strategien und Gesch\u00e4ftsmodelle! Wenn Sie Unterst\u00fctzung bei einem solchen Projekt ben\u00f6tigen, aber nicht die Mittel f\u00fcr eine Beratung haben, lohnt es sich, unsere Ideen zu Fairpreisung anzuschauen.<\/p><p>Wir stellen etwa 20 Prozent unserer Zeit f\u00fcr die Arbeit an Transformationsprojekten zur Verf\u00fcgung. Wir erarbeiten auch bedarfsgerechte L\u00f6sungen f\u00fcr gemeinschaftsgetragene Organisationen.<\/p>\t\t\t\t\t\t\t\t<\/div>\n\t\t\t\t<\/div>\n\t\t<div data-blob=\"[{&quot;id&quot;:&quot;56c5e88&quot;,&quot;type&quot;:&quot;custom&quot;,&quot;source&quot;:{&quot;seed&quot;:0.5,&quot;html&quot;:&quot;&lt;svg width=\\&quot;200\\&quot; height=\\&quot;200\\&quot; viewBox=\\&quot;0 0 200 200\\&quot; xmlns=\\&quot;http:\\\/\\\/www.w3.org\\\/2000\\\/svg\\&quot; aria-hidden=\\&quot;true\\&quot; focusable=\\&quot;false\\&quot;&gt;&lt;defs&gt;&lt;linearGradient id=\\&quot;gradient56c5e88\\&quot; gradientUnits=\\&quot;objectBoundingBox\\&quot;  gradientTransform=\\&quot;rotate(0)\\&quot;&gt;&lt;stop offset=\\&quot;0%\\&quot; stop-color=\\&quot;#00FFA2\\&quot; \\\/&gt;&lt;stop offset=\\&quot;100%\\&quot; stop-color=\\&quot;#2128A6\\&quot; \\\/&gt;&lt;\\\/linearGradient&gt;&lt;\\\/defs&gt;&lt;path fill=\\&quot;url(#gradient56c5e88)\\&quot; d=\\&quot;M100,193.18498472372693C122.45984656384785,189.03134660658156,132.3654554271125,164.63722867926782,147.80717245556758,147.80717245556758C162.06906314774074,132.26301879938862,183.37504041238316,120.9884558019898,185.49800109273443,100C187.74594894995812,77.77586995218827,174.3576303615514,57.232405759354535,158.56678906860108,41.433210931398925C142.77131571272207,25.629381590100554,122.30013004847716,15.857555057824262,100,14.4567694903041C76.09670376546084,12.955280830430207,48.652406691006966,14.967414323703878,33.58229360353281,33.58229360353279C19.08743974655293,51.486602161821544,31.26904581308342,76.96975977969328,30.746466938095796,99.99999999999999C30.200116063857987,124.07788083391088,16.132166897147243,150.17152871639752,30.498144632618718,169.50185536738124C45.67517265777805,189.9235011975205,74.98047699655743,197.81199961113808,100,193.18498472372693\\&quot;&gt;&lt;\\\/path&gt;&lt;\\\/svg&gt;&quot;,&quot;path&quot;:&quot;M100,193.18498472372693C122.45984656384785,189.03134660658156,132.3654554271125,164.63722867926782,147.80717245556758,147.80717245556758C162.06906314774074,132.26301879938862,183.37504041238316,120.9884558019898,185.49800109273443,100C187.74594894995812,77.77586995218827,174.3576303615514,57.232405759354535,158.56678906860108,41.433210931398925C142.77131571272207,25.629381590100554,122.30013004847716,15.857555057824262,100,14.4567694903041C76.09670376546084,12.955280830430207,48.652406691006966,14.967414323703878,33.58229360353281,33.58229360353279C19.08743974655293,51.486602161821544,31.26904581308342,76.96975977969328,30.746466938095796,99.99999999999999C30.200116063857987,124.07788083391088,16.132166897147243,150.17152871639752,30.498144632618718,169.50185536738124C45.67517265777805,189.9235011975205,74.98047699655743,197.81199961113808,100,193.18498472372693&quot;},&quot;parallax&quot;:true,&quot;animate&quot;:true,&quot;shadow&quot;:false,&quot;devices&quot;:&quot;&quot;,&quot;animeDur&quot;:7,&quot;size&quot;:200,&quot;extraPoints&quot;:5,&quot;randomness&quot;:5,&quot;fillType&quot;:&quot;gradient&quot;,&quot;fill&quot;:{&quot;gradType&quot;:&quot;linear&quot;,&quot;firstColor&quot;:&quot;#00FFA2&quot;,&quot;secColor&quot;:&quot;#2128A6&quot;,&quot;firstLoc&quot;:0,&quot;secLoc&quot;:100,&quot;pos&quot;:0},&quot;parallaxSetting&quot;:{&quot;vscroll&quot;:&quot;yes&quot;,&quot;speed&quot;:1.399999999999999911182158029987476766109466552734375,&quot;start&quot;:11,&quot;end&quot;:51,&quot;direction&quot;:&quot;down&quot;}}]\" class=\"elementor-element elementor-element-47c8f45 e-con-full premium-blob-yes e-flex e-con e-child\" data-id=\"47c8f45\" data-element_type=\"container\" data-e-type=\"container\" data-settings=\"{&quot;background_background&quot;:&quot;classic&quot;}\">\n\t\t\t\t<\/div>\n\t\t\t\t<\/div>\n\t\t<div class=\"elementor-element elementor-element-3cad4df e-con-full e-flex e-con e-child\" data-id=\"3cad4df\" data-element_type=\"container\" data-e-type=\"container\">\n\t\t<div class=\"elementor-element elementor-element-bfa8669 e-con-full e-flex e-con e-child\" data-id=\"bfa8669\" data-element_type=\"container\" data-e-type=\"container\">\n\t\t\t\t<div class=\"elementor-element elementor-element-70c6ca8 elementor-widget elementor-widget-heading\" data-id=\"70c6ca8\" data-element_type=\"widget\" data-e-type=\"widget\" data-widget_type=\"heading.default\">\n\t\t\t\t\t<h3 class=\"elementor-heading-title elementor-size-default\">Erf\u00fcllen Sie diese Kriterien?<\/h3>\t\t\t\t<\/div>\n\t\t\t\t<\/div>\n\t\t<div class=\"elementor-element elementor-element-c0b9914 e-con-full e-flex e-con e-child\" data-id=\"c0b9914\" data-element_type=\"container\" data-e-type=\"container\">\n\t\t\t\t<div class=\"elementor-element elementor-element-71dded9 elementor-widget elementor-widget-text-editor\" data-id=\"71dded9\" data-element_type=\"widget\" data-e-type=\"widget\" data-widget_type=\"text-editor.default\">\n\t\t\t\t\t\t\t\t\t<p><strong>Wenn Sie die Mehrzahl der folgenden Fragen mit &#8222;Ja&#8220; oder &#8222;Wahrscheinlich&#8220; beantworten k\u00f6nnen, k\u00f6nnte Ihr Projekt in Frage kommen. Wenn Sie noch nicht mit &#8222;ja&#8220; antworten k\u00f6nnen, aber gerne mit uns besprechen m\u00f6chten, wie Sie dahin kommen k\u00f6nnen, nehmen Sie bitte Kontakt mit uns.<\/strong><\/p>\t\t\t\t\t\t\t\t<\/div>\n\t\t\t\t<\/div>\n\t\t\t\t<\/div>\n\t\t<div class=\"elementor-element elementor-element-2de7877 e-con-full e-flex e-con e-child\" data-id=\"2de7877\" data-element_type=\"container\" data-e-type=\"container\">\n\t\t<div data-pa-parallax=\"{&quot;type&quot;:&quot;multi&quot;,&quot;items&quot;:[{&quot;_id&quot;:&quot;5f2ab4e&quot;,&quot;premium_parallax_layer_image&quot;:{&quot;url&quot;:&quot;https:\\\/\\\/skynative-consulting.eu\\\/wp-content\\\/uploads\\\/2026\\\/02\\\/Fairpricing-illustration_2.png&quot;,&quot;id&quot;:1678,&quot;size&quot;:&quot;&quot;,&quot;alt&quot;:&quot;Illustration showing two people ticking a checking list&quot;,&quot;source&quot;:&quot;library&quot;},&quot;premium_parallax_layer_scroll&quot;:&quot;yes&quot;,&quot;premium_parallax_layer_hor_pos&quot;:{&quot;unit&quot;:&quot;%&quot;,&quot;size&quot;:&quot;&quot;,&quot;sizes&quot;:[]},&quot;premium_parallax_layer_ver_pos&quot;:{&quot;unit&quot;:&quot;%&quot;,&quot;size&quot;:8,&quot;sizes&quot;:[]},&quot;layer_type&quot;:&quot;img&quot;,&quot;premium_parallax_layer_svg&quot;:null,&quot;premium_parallax_layer_hor&quot;:&quot;custom&quot;,&quot;premium_parallax_layer_hor_pos_tablet&quot;:{&quot;unit&quot;:&quot;px&quot;,&quot;size&quot;:&quot;&quot;,&quot;sizes&quot;:[]},&quot;premium_parallax_layer_hor_pos_mobile&quot;:{&quot;unit&quot;:&quot;px&quot;,&quot;size&quot;:&quot;&quot;,&quot;sizes&quot;:[]},&quot;premium_parallax_layer_ver&quot;:&quot;custom&quot;,&quot;premium_parallax_layer_ver_pos_tablet&quot;:{&quot;unit&quot;:&quot;px&quot;,&quot;size&quot;:&quot;&quot;,&quot;sizes&quot;:[]},&quot;premium_parallax_layer_ver_pos_mobile&quot;:{&quot;unit&quot;:&quot;px&quot;,&quot;size&quot;:&quot;&quot;,&quot;sizes&quot;:[]},&quot;premium_parallax_layer_width&quot;:{&quot;unit&quot;:&quot;%&quot;,&quot;size&quot;:100,&quot;sizes&quot;:[]},&quot;premium_parallax_layer_width_tablet&quot;:{&quot;unit&quot;:&quot;px&quot;,&quot;size&quot;:&quot;&quot;,&quot;sizes&quot;:[]},&quot;premium_parallax_layer_width_mobile&quot;:{&quot;unit&quot;:&quot;px&quot;,&quot;size&quot;:&quot;&quot;,&quot;sizes&quot;:[]},&quot;premium_parallax_layer_z_index&quot;:1,&quot;draw_svg&quot;:null,&quot;svg_sync&quot;:null,&quot;svg_loop&quot;:null,&quot;frames&quot;:null,&quot;svg_reverse&quot;:null,&quot;start_point&quot;:null,&quot;end_point&quot;:null,&quot;svg_hover&quot;:null,&quot;restart_draw&quot;:null,&quot;svg_yoyo&quot;:null,&quot;svg_color&quot;:null,&quot;svg_stroke&quot;:null,&quot;premium_parallax_layer_mouse&quot;:&quot;&quot;,&quot;premium_parallax_layer_rate&quot;:null,&quot;premium_parallax_layer_scroll_ver&quot;:&quot;yes&quot;,&quot;premium_parallax_layer_direction&quot;:&quot;down&quot;,&quot;premium_parallax_layer_speed&quot;:{&quot;unit&quot;:&quot;px&quot;,&quot;size&quot;:4,&quot;sizes&quot;:[]},&quot;premium_parallax_layer_view&quot;:{&quot;unit&quot;:&quot;%&quot;,&quot;size&quot;:&quot;&quot;,&quot;sizes&quot;:{&quot;start&quot;:0,&quot;end&quot;:100}},&quot;premium_parallax_layer_scroll_hor&quot;:&quot;&quot;,&quot;premium_parallax_layer_direction_hor&quot;:null,&quot;premium_parallax_layer_speed_hor&quot;:null,&quot;premium_parallax_layer_view_hor&quot;:null,&quot;show_layer_on&quot;:[&quot;desktop&quot;,&quot;tablet&quot;,&quot;mobile&quot;],&quot;premium_parallax_layer_id&quot;:&quot;&quot;,&quot;hide_layer&quot;:&quot;&quot;,&quot;premium_parallax_svg_width&quot;:null,&quot;premium_parallax_svg_width_tablet&quot;:null,&quot;premium_parallax_svg_width_mobile&quot;:null,&quot;premium_parallax_svg_height&quot;:null,&quot;premium_parallax_svg_height_tablet&quot;:null,&quot;premium_parallax_svg_height_mobile&quot;:null,&quot;path_width&quot;:null,&quot;layer_fill&quot;:null,&quot;layer_stroke&quot;:null,&quot;alt&quot;:&quot;Illustration showing two people ticking a checking list&quot;}],&quot;devices&quot;:[&quot;desktop&quot;,&quot;tablet&quot;],&quot;speed&quot;:null}\" class=\"elementor-element elementor-element-f757e47 e-con-full premium-parallax-yes elementor-hidden-tablet elementor-hidden-mobile e-flex e-con e-child\" data-id=\"f757e47\" data-element_type=\"container\" data-e-type=\"container\" data-settings=\"{&quot;background_background&quot;:&quot;classic&quot;}\">\n\t\t\t\t<\/div>\n\t\t<div class=\"elementor-element elementor-element-06ea979 e-con-full e-flex e-con e-child\" data-id=\"06ea979\" data-element_type=\"container\" data-e-type=\"container\">\n\t\t<div class=\"elementor-element elementor-element-c3b7fb0 e-con-full e-flex e-con e-child\" data-id=\"c3b7fb0\" data-element_type=\"container\" data-e-type=\"container\">\n\t\t<div class=\"elementor-element elementor-element-8324f51 animated-slow e-con-full elementor-hidden-mobile e-flex elementor-invisible e-con e-child\" data-id=\"8324f51\" data-element_type=\"container\" data-e-type=\"container\" data-settings=\"{&quot;background_background&quot;:&quot;classic&quot;,&quot;animation&quot;:&quot;slideInRight&quot;,&quot;animation_delay&quot;:300}\">\n\t\t<div class=\"elementor-element elementor-element-415cee1 e-con-full e-flex e-con e-child\" data-id=\"415cee1\" data-element_type=\"container\" data-e-type=\"container\" data-settings=\"{&quot;background_background&quot;:&quot;classic&quot;}\">\n\t\t\t\t<div class=\"elementor-element elementor-element-4c81141 elementor-widget elementor-widget-text-editor\" data-id=\"4c81141\" data-element_type=\"widget\" data-e-type=\"widget\" data-widget_type=\"text-editor.default\">\n\t\t\t\t\t\t\t\t\t<p><strong>Unser Projekt zielt darauf ab, soziale oder \u00f6kologische Herausforderungen zu l\u00f6sen, aber es f\u00e4llt uns schwer, herauszufinden, wie wir die Dinge zum Laufen bringen k\u00f6nnen<\/strong><\/p>\t\t\t\t\t\t\t\t<\/div>\n\t\t\t\t<\/div>\n\t\t\t\t<\/div>\n\t\t<div class=\"elementor-element elementor-element-14782d9 animated-slow e-con-full elementor-hidden-desktop elementor-hidden-tablet e-flex elementor-invisible e-con e-child\" data-id=\"14782d9\" data-element_type=\"container\" data-e-type=\"container\" data-settings=\"{&quot;background_background&quot;:&quot;classic&quot;,&quot;animation&quot;:&quot;slideInLeft&quot;}\">\n\t\t<div class=\"elementor-element elementor-element-d7d50d4 e-con-full e-flex e-con e-child\" data-id=\"d7d50d4\" data-element_type=\"container\" data-e-type=\"container\" data-settings=\"{&quot;background_background&quot;:&quot;classic&quot;}\">\n\t\t\t\t<div class=\"elementor-element elementor-element-8a04208 elementor-widget elementor-widget-text-editor\" data-id=\"8a04208\" data-element_type=\"widget\" data-e-type=\"widget\" data-widget_type=\"text-editor.default\">\n\t\t\t\t\t\t\t\t\t<p><strong>Unser Projekt zielt darauf ab, soziale oder \u00f6kologische Herausforderungen zu l\u00f6sen, aber es f\u00e4llt uns schwer, herauszufinden, wie wir die Dinge zum Laufen bringen k\u00f6nnen<\/strong><\/p>\t\t\t\t\t\t\t\t<\/div>\n\t\t\t\t<\/div>\n\t\t\t\t<\/div>\n\t\t<div class=\"elementor-element elementor-element-0b7700d animated-slow elementor-hidden-mobile e-flex e-con-boxed elementor-invisible e-con e-child\" data-id=\"0b7700d\" data-element_type=\"container\" data-e-type=\"container\" data-settings=\"{&quot;background_background&quot;:&quot;classic&quot;,&quot;animation&quot;:&quot;slideInUp&quot;,&quot;animation_delay&quot;:600}\">\n\t\t\t\t\t<div class=\"e-con-inner\">\n\t\t<div class=\"elementor-element elementor-element-1a75633 e-con-full e-flex e-con e-child\" data-id=\"1a75633\" data-element_type=\"container\" data-e-type=\"container\" data-settings=\"{&quot;background_background&quot;:&quot;classic&quot;,&quot;animation&quot;:&quot;none&quot;}\">\n\t\t\t\t<div class=\"elementor-element elementor-element-9cffb89 elementor-widget elementor-widget-text-editor\" data-id=\"9cffb89\" data-element_type=\"widget\" data-e-type=\"widget\" data-widget_type=\"text-editor.default\">\n\t\t\t\t\t\t\t\t\t<p><strong>Ihre Organisation verf\u00fcgt nicht \u00fcber die Mittel, um die f\u00fcr dieses Projekt erforderliche Unterst\u00fctzung von au\u00dfen zu erhalten.<\/strong><\/p>\t\t\t\t\t\t\t\t<\/div>\n\t\t\t\t<\/div>\n\t\t\t\t\t<\/div>\n\t\t\t\t<\/div>\n\t\t<div class=\"elementor-element elementor-element-1c50506 e-con-full elementor-hidden-desktop elementor-hidden-tablet e-flex e-con e-child\" data-id=\"1c50506\" data-element_type=\"container\" data-e-type=\"container\" data-settings=\"{&quot;background_background&quot;:&quot;classic&quot;}\">\n\t\t<div class=\"elementor-element elementor-element-35e14e8 e-con-full e-flex elementor-invisible e-con e-child\" data-id=\"35e14e8\" data-element_type=\"container\" data-e-type=\"container\" data-settings=\"{&quot;background_background&quot;:&quot;classic&quot;,&quot;animation&quot;:&quot;slideInUp&quot;}\">\n\t\t\t\t<div class=\"elementor-element elementor-element-8614594 elementor-widget elementor-widget-text-editor\" data-id=\"8614594\" data-element_type=\"widget\" data-e-type=\"widget\" data-widget_type=\"text-editor.default\">\n\t\t\t\t\t\t\t\t\t<p><strong>Ihre Organisation verf\u00fcgt nicht \u00fcber die Mittel, um die f\u00fcr dieses Projekt erforderliche Unterst\u00fctzung von au\u00dfen zu erhalten.<\/strong><\/p>\t\t\t\t\t\t\t\t<\/div>\n\t\t\t\t<\/div>\n\t\t\t\t<\/div>\n\t\t<div class=\"elementor-element elementor-element-0ceccc6 animated-slow elementor-hidden-mobile e-flex e-con-boxed elementor-invisible e-con e-child\" data-id=\"0ceccc6\" data-element_type=\"container\" data-e-type=\"container\" data-settings=\"{&quot;background_background&quot;:&quot;classic&quot;,&quot;animation&quot;:&quot;slideInUp&quot;,&quot;animation_delay&quot;:900}\">\n\t\t\t\t\t<div class=\"e-con-inner\">\n\t\t<div class=\"elementor-element elementor-element-e6a1fe5 e-con-full e-flex e-con e-child\" data-id=\"e6a1fe5\" data-element_type=\"container\" data-e-type=\"container\" data-settings=\"{&quot;background_background&quot;:&quot;classic&quot;,&quot;animation&quot;:&quot;none&quot;}\">\n\t\t\t\t<div class=\"elementor-element elementor-element-0e928a2 elementor-widget elementor-widget-text-editor\" data-id=\"0e928a2\" data-element_type=\"widget\" data-e-type=\"widget\" data-widget_type=\"text-editor.default\">\n\t\t\t\t\t\t\t\t\t<p><strong>Sie haben ein engagiertes Team mit der richtigen Mischung von F\u00e4higkeiten, das \u00fcber ein Mandat und Zeit f\u00fcr die Arbeit an dem Projekt verf\u00fcgt<\/strong><\/p>\t\t\t\t\t\t\t\t<\/div>\n\t\t\t\t<\/div>\n\t\t\t\t\t<\/div>\n\t\t\t\t<\/div>\n\t\t<div class=\"elementor-element elementor-element-023a318 e-con-full elementor-hidden-desktop elementor-hidden-tablet e-flex e-con e-child\" data-id=\"023a318\" data-element_type=\"container\" data-e-type=\"container\" data-settings=\"{&quot;background_background&quot;:&quot;classic&quot;}\">\n\t\t<div class=\"elementor-element elementor-element-e66eae4 e-con-full e-flex elementor-invisible e-con e-child\" data-id=\"e66eae4\" data-element_type=\"container\" data-e-type=\"container\" data-settings=\"{&quot;background_background&quot;:&quot;classic&quot;,&quot;animation&quot;:&quot;slideInLeft&quot;}\">\n\t\t\t\t<div class=\"elementor-element elementor-element-59ff007 elementor-widget elementor-widget-text-editor\" data-id=\"59ff007\" data-element_type=\"widget\" data-e-type=\"widget\" data-widget_type=\"text-editor.default\">\n\t\t\t\t\t\t\t\t\t<p><strong>Sie haben ein engagiertes Team mit der richtigen Mischung von F\u00e4higkeiten, das \u00fcber ein Mandat und Zeit f\u00fcr die Arbeit an dem Projekt verf\u00fcgt<\/strong><\/p>\t\t\t\t\t\t\t\t<\/div>\n\t\t\t\t<\/div>\n\t\t\t\t<\/div>\n\t\t<div class=\"elementor-element elementor-element-55cdb07 animated-slow elementor-hidden-mobile e-flex e-con-boxed elementor-invisible e-con e-child\" data-id=\"55cdb07\" data-element_type=\"container\" data-e-type=\"container\" data-settings=\"{&quot;background_background&quot;:&quot;classic&quot;,&quot;animation&quot;:&quot;slideInRight&quot;,&quot;animation_delay&quot;:1200}\">\n\t\t\t\t\t<div class=\"e-con-inner\">\n\t\t<div class=\"elementor-element elementor-element-f9e2e5d e-con-full animated-slow e-flex e-con e-child\" data-id=\"f9e2e5d\" data-element_type=\"container\" data-e-type=\"container\" data-settings=\"{&quot;background_background&quot;:&quot;classic&quot;,&quot;animation&quot;:&quot;none&quot;,&quot;animation_delay&quot;:2400}\">\n\t\t\t\t<div class=\"elementor-element elementor-element-db91e4f elementor-widget elementor-widget-text-editor\" data-id=\"db91e4f\" data-element_type=\"widget\" data-e-type=\"widget\" data-widget_type=\"text-editor.default\">\n\t\t\t\t\t\t\t\t\t<p><strong>Mit Ihrem Projekt wollen Sie neue wirtschaftliche Konzepte wie gemeinschaftsgetragenes Wirtschaften (community supported enterprises), Sharing-Modelle, generative Genossenschaften oder Commoning einf\u00fchren oder ausbauen<\/strong><\/p>\t\t\t\t\t\t\t\t<\/div>\n\t\t\t\t<\/div>\n\t\t\t\t\t<\/div>\n\t\t\t\t<\/div>\n\t\t<div class=\"elementor-element elementor-element-905e0d9 e-con-full elementor-hidden-desktop elementor-hidden-tablet e-flex e-con e-child\" data-id=\"905e0d9\" data-element_type=\"container\" data-e-type=\"container\" data-settings=\"{&quot;background_background&quot;:&quot;classic&quot;}\">\n\t\t<div class=\"elementor-element elementor-element-3d0e590 e-con-full e-flex elementor-invisible e-con e-child\" data-id=\"3d0e590\" data-element_type=\"container\" data-e-type=\"container\" data-settings=\"{&quot;background_background&quot;:&quot;classic&quot;,&quot;animation&quot;:&quot;slideInRight&quot;}\">\n\t\t\t\t<div class=\"elementor-element elementor-element-e68ba04 elementor-widget elementor-widget-text-editor\" data-id=\"e68ba04\" data-element_type=\"widget\" data-e-type=\"widget\" data-widget_type=\"text-editor.default\">\n\t\t\t\t\t\t\t\t\t<p><strong>Mit Ihrem Projekt wollen Sie neue wirtschaftliche Konzepte wie gemeinschaftsgetragenes Wirtschaften (community supported enterprises), Sharing-Modelle, generative Genossenschaften oder Commoning einf\u00fchren oder ausbauen<\/strong><\/p>\t\t\t\t\t\t\t\t<\/div>\n\t\t\t\t<\/div>\n\t\t\t\t<\/div>\n\t\t<div class=\"elementor-element elementor-element-2b5f414 animated-slow elementor-hidden-mobile e-flex e-con-boxed elementor-invisible e-con e-child\" data-id=\"2b5f414\" data-element_type=\"container\" data-e-type=\"container\" data-settings=\"{&quot;background_background&quot;:&quot;classic&quot;,&quot;animation&quot;:&quot;slideInUp&quot;,&quot;animation_delay&quot;:1500}\">\n\t\t\t\t\t<div class=\"e-con-inner\">\n\t\t<div class=\"elementor-element elementor-element-68b512f e-con-full e-flex e-con e-child\" data-id=\"68b512f\" data-element_type=\"container\" data-e-type=\"container\" data-settings=\"{&quot;background_background&quot;:&quot;classic&quot;,&quot;animation&quot;:&quot;none&quot;}\">\n\t\t\t\t<div class=\"elementor-element elementor-element-da8501a elementor-widget elementor-widget-text-editor\" data-id=\"da8501a\" data-element_type=\"widget\" data-e-type=\"widget\" data-widget_type=\"text-editor.default\">\n\t\t\t\t\t\t\t\t\t<p><strong>Entscheidungstr\u00e4ger in der Organisation unterst\u00fctzen das Projekt<\/strong><\/p>\t\t\t\t\t\t\t\t<\/div>\n\t\t\t\t<\/div>\n\t\t\t\t\t<\/div>\n\t\t\t\t<\/div>\n\t\t<div class=\"elementor-element elementor-element-fb4aff4 e-con-full elementor-hidden-desktop elementor-hidden-tablet e-flex e-con e-child\" data-id=\"fb4aff4\" data-element_type=\"container\" data-e-type=\"container\" data-settings=\"{&quot;background_background&quot;:&quot;classic&quot;}\">\n\t\t<div class=\"elementor-element elementor-element-500f5b7 e-con-full e-flex elementor-invisible e-con e-child\" data-id=\"500f5b7\" data-element_type=\"container\" data-e-type=\"container\" data-settings=\"{&quot;background_background&quot;:&quot;classic&quot;,&quot;animation&quot;:&quot;slideInUp&quot;}\">\n\t\t\t\t<div class=\"elementor-element elementor-element-3050a2d elementor-widget elementor-widget-text-editor\" data-id=\"3050a2d\" data-element_type=\"widget\" data-e-type=\"widget\" data-widget_type=\"text-editor.default\">\n\t\t\t\t\t\t\t\t\t<p><strong>Entscheidungstr\u00e4ger in der Organisation unterst\u00fctzen das Projekt<\/strong><\/p>\t\t\t\t\t\t\t\t<\/div>\n\t\t\t\t<\/div>\n\t\t\t\t<\/div>\n\t\t\t\t<\/div>\n\t\t\t\t<\/div>\n\t\t\t\t<\/div>\n\t\t\t\t\t<\/div>\n\t\t\t\t<\/div>\n\t\t<div class=\"elementor-element elementor-element-3f13125 e-flex e-con-boxed e-con e-parent\" data-id=\"3f13125\" data-element_type=\"container\" data-e-type=\"container\" data-settings=\"{&quot;background_background&quot;:&quot;classic&quot;}\">\n\t\t\t\t\t<div class=\"e-con-inner\">\n\t\t<div class=\"elementor-element elementor-element-f62e2ad e-con-full e-flex e-con e-child\" data-id=\"f62e2ad\" data-element_type=\"container\" data-e-type=\"container\">\n\t\t\t\t<div class=\"elementor-element elementor-element-059ade1 elementor-widget elementor-widget-heading\" data-id=\"059ade1\" data-element_type=\"widget\" data-e-type=\"widget\" data-widget_type=\"heading.default\">\n\t\t\t\t\t<h2 class=\"elementor-heading-title elementor-size-default\">M\u00f6chten Sie einen Termin vereinbaren?<\/h2>\t\t\t\t<\/div>\n\t\t\t\t<\/div>\n\t\t<div class=\"elementor-element elementor-element-d9cc239 e-con-full e-flex e-con e-child\" data-id=\"d9cc239\" data-element_type=\"container\" data-e-type=\"container\">\n\t\t\t\t<div class=\"elementor-element elementor-element-e994bf4 elementor-widget elementor-widget-image\" data-id=\"e994bf4\" data-element_type=\"widget\" data-e-type=\"widget\" data-widget_type=\"image.default\">\n\t\t\t\t\t\t\t\t\t\t\t\t\t\t\t<img fetchpriority=\"high\" decoding=\"async\" width=\"491\" height=\"515\" src=\"https:\/\/skynative-consulting.eu\/wp-content\/uploads\/2026\/01\/Arrow-15_blue.webp\" class=\"attachment-large size-large wp-image-1121\" alt=\"\" \/>\t\t\t\t\t\t\t\t\t\t\t\t\t\t\t<\/div>\n\t\t\t\t<div class=\"elementor-element elementor-element-c12055c elementor-widget elementor-widget-heading\" data-id=\"c12055c\" data-element_type=\"widget\" data-e-type=\"widget\" data-widget_type=\"heading.default\">\n\t\t\t\t\t<div class=\"elementor-heading-title elementor-size-default\"><a href=\"https:\/\/skynative-consulting.eu\/de\/kontakt\/\">Kontaktieren Sie uns<\/a><\/div>\t\t\t\t<\/div>\n\t\t\t\t<\/div>\n\t\t\t\t\t<\/div>\n\t\t\t\t<\/div>\n\t\t\t\t<\/div>\n\t\t","protected":false},"excerpt":{"rendered":"<p>Fairpreisung f\u00fcr Transformationsprojekte Wirklich transformative Projekte brauchen transformative Strategien und Gesch\u00e4ftsmodelle! Wenn Sie Unterst\u00fctzung bei einem solchen Projekt ben\u00f6tigen, aber nicht die Mittel f\u00fcr eine Beratung haben, lohnt es sich, unsere Ideen zu Fairpreisung anzuschauen. Wir stellen etwa 20 Prozent unserer Zeit f\u00fcr die Arbeit an Transformationsprojekten zur Verf\u00fcgung. Wir erarbeiten auch bedarfsgerechte L\u00f6sungen f\u00fcr [&hellip;]<\/p>\n","protected":false},"author":1,"featured_media":0,"parent":0,"menu_order":0,"comment_status":"closed","ping_status":"closed","template":"","meta":{"footnotes":""},"class_list":["post-1164","page","type-page","status-publish","hentry"],"_links":{"self":[{"href":"https:\/\/skynative-consulting.eu\/de\/wp-json\/wp\/v2\/pages\/1164","targetHints":{"allow":["GET"]}}],"collection":[{"href":"https:\/\/skynative-consulting.eu\/de\/wp-json\/wp\/v2\/pages"}],"about":[{"href":"https:\/\/skynative-consulting.eu\/de\/wp-json\/wp\/v2\/types\/page"}],"author":[{"embeddable":true,"href":"https:\/\/skynative-consulting.eu\/de\/wp-json\/wp\/v2\/users\/1"}],"replies":[{"embeddable":true,"href":"https:\/\/skynative-consulting.eu\/de\/wp-json\/wp\/v2\/comments?post=1164"}],"version-history":[{"count":10,"href":"https:\/\/skynative-consulting.eu\/de\/wp-json\/wp\/v2\/pages\/1164\/revisions"}],"predecessor-version":[{"id":2983,"href":"https:\/\/skynative-consulting.eu\/de\/wp-json\/wp\/v2\/pages\/1164\/revisions\/2983"}],"wp:attachment":[{"href":"https:\/\/skynative-consulting.eu\/de\/wp-json\/wp\/v2\/media?parent=1164"}],"curies":[{"name":"wp","href":"https:\/\/api.w.org\/{rel}","templated":true}]}}