{"id":1464,"date":"2026-01-16T08:03:28","date_gmt":"2026-01-16T07:03:28","guid":{"rendered":"https:\/\/skynative-consulting.eu\/impressum\/"},"modified":"2026-03-24T17:52:50","modified_gmt":"2026-03-24T16:52:50","slug":"impressum","status":"publish","type":"page","link":"https:\/\/skynative-consulting.eu\/de\/impressum\/","title":{"rendered":"Impressum"},"content":{"rendered":"\t\t<div data-elementor-type=\"wp-page\" data-elementor-id=\"1464\" class=\"elementor elementor-1464 elementor-473\">\n\t\t\t\t<div class=\"elementor-element elementor-element-649450d e-flex e-con-boxed e-con e-parent\" data-id=\"649450d\" data-element_type=\"container\" data-e-type=\"container\">\n\t\t\t\t\t<div class=\"e-con-inner\">\n\t\t<div class=\"elementor-element elementor-element-808460f e-con-full e-flex e-con e-child\" data-id=\"808460f\" data-element_type=\"container\" data-e-type=\"container\">\n\t\t\t\t<div class=\"elementor-element elementor-element-062c3f1 elementor-widget elementor-widget-heading\" data-id=\"062c3f1\" data-element_type=\"widget\" data-e-type=\"widget\" data-widget_type=\"heading.default\">\n\t\t\t\t\t<h1 class=\"elementor-heading-title elementor-size-default\">Impressum<\/h1>\t\t\t\t<\/div>\n\t\t\t\t<\/div>\n\t\t<div class=\"elementor-element elementor-element-f37f31e e-con-full e-flex e-con e-child\" data-id=\"f37f31e\" data-element_type=\"container\" data-e-type=\"container\">\n\t\t\t\t<div class=\"elementor-element elementor-element-3e3da05 elementor-widget elementor-widget-heading\" data-id=\"3e3da05\" data-element_type=\"widget\" data-e-type=\"widget\" data-widget_type=\"heading.default\">\n\t\t\t\t\t<h2 class=\"elementor-heading-title elementor-size-default\">1. Anbieter und Leistungserbringung<\/h2>\t\t\t\t<\/div>\n\t\t\t\t<div class=\"elementor-element elementor-element-791228f elementor-widget elementor-widget-text-editor\" data-id=\"791228f\" data-element_type=\"widget\" data-e-type=\"widget\" data-widget_type=\"text-editor.default\">\n\t\t\t\t\t\t\t\t\t<p>Auf dieser Website werden Leistungen sowohl durch die [Name der GmbH] als auch durch rechtlich selbstst\u00e4ndige Freiberuflerinnen und Freiberufler angeboten.<\/p><p>Der jeweilige Leistungserbringer wird vor Vertragsschluss eindeutig benannt.<\/p><p>Vertragsschluss und Abrechnung erfolgen ausschlie\u00dflich mit dem jeweils benannten Anbieter.<\/p>\t\t\t\t\t\t\t\t<\/div>\n\t\t\t\t<\/div>\n\t\t<div class=\"elementor-element elementor-element-bc6a3fc e-con-full e-flex e-con e-child\" data-id=\"bc6a3fc\" data-element_type=\"container\" data-e-type=\"container\">\n\t\t\t\t<div class=\"elementor-element elementor-element-3f094c1 elementor-widget elementor-widget-heading\" data-id=\"3f094c1\" data-element_type=\"widget\" data-e-type=\"widget\" data-widget_type=\"heading.default\">\n\t\t\t\t\t<h2 class=\"elementor-heading-title elementor-size-default\">2. Anbieterkennzeichnung gem\u00e4\u00df \u00a7 5 DDG<\/h2>\t\t\t\t<\/div>\n\t\t\t\t<div class=\"elementor-element elementor-element-9ab2cff elementor-widget elementor-widget-text-editor\" data-id=\"9ab2cff\" data-element_type=\"widget\" data-e-type=\"widget\" data-widget_type=\"text-editor.default\">\n\t\t\t\t\t\t\t\t\t<p><strong>Skynative UG<\/strong><\/p><p>Diakonissenstra\u00dfe 62<\/p><p>67346 Speyer<\/p><p>Deutschland<\/p><p>Vertreten durch:<\/p><p>Lutz Mehlhorn und Elise Kissling<\/p><p>Kontakt:<\/p><p><a href=\"mailto:hello@skynative-consulting.eu\">hello@skynative-consulting.eu<\/a><\/p><p>Handelsregister: HR66555<\/p><p>Registergericht: Amtsgericht Ludwigshafen<\/p><p>Umsatzsteuer-ID gem\u00e4\u00df \u00a727a Umsatzsteuergesetz<\/p><p>DE 815 838 737<\/p>\t\t\t\t\t\t\t\t<\/div>\n\t\t\t\t<div class=\"elementor-element elementor-element-a85de1e elementor-widget elementor-widget-heading\" data-id=\"a85de1e\" data-element_type=\"widget\" data-e-type=\"widget\" data-widget_type=\"heading.default\">\n\t\t\t\t\t<h3 class=\"elementor-heading-title elementor-size-default\">Anbieterkennzeichnung gem\u00e4\u00df \u00a7 5 DDG<\/h3>\t\t\t\t<\/div>\n\t\t\t\t<div class=\"elementor-element elementor-element-8df35c7 elementor-widget elementor-widget-text-editor\" data-id=\"8df35c7\" data-element_type=\"widget\" data-e-type=\"widget\" data-widget_type=\"text-editor.default\">\n\t\t\t\t\t\t\t\t\t<p><strong>Lutz Mehlhorn (Freiberufler)<\/strong><\/p><p>Lutz Mehlhorn<\/p><p>Consultant<\/p><p>J\u00fcrgensplatz 68<\/p><p>40219 D\u00fcsseldorf<\/p><p>Deutschland<\/p><p><strong>Kontakt<\/strong><\/p><p>E-Mail: <a href=\"mailto:hello@skynative-consulting.eu\">hello@skynative-consulting.eu<\/a><\/p><p>Umsatzsteuer-ID gem\u00e4\u00df \u00a727a Umsatzsteuergesetz<\/p><p>Ust.Id.Nr. 106 5208 1171<\/p>\t\t\t\t\t\t\t\t<\/div>\n\t\t\t\t<div class=\"elementor-element elementor-element-67418c1 elementor-widget elementor-widget-text-editor\" data-id=\"67418c1\" data-element_type=\"widget\" data-e-type=\"widget\" data-widget_type=\"text-editor.default\">\n\t\t\t\t\t\t\t\t\t<p><strong>Elise Kissling (Freiberuflerin)<\/strong><\/p><p>Elise Kissling<\/p><p>Consultant<\/p><p>Diakonissenstra\u00dfe 62<\/p><p>67346 Speyer<\/p><p>Deutschland<\/p><p><strong>Kontakt<\/strong><\/p><p>E-Mail: <a href=\"mailto:hello@skynative-consulting.eu\">hello@skynative-consulting.eu<\/a><\/p><p>Umsatzsteuer-ID gem\u00e4\u00df \u00a727a Umsatzsteuergesetz<\/p><p>DE347262568<\/p>\t\t\t\t\t\t\t\t<\/div>\n\t\t\t\t<\/div>\n\t\t<div class=\"elementor-element elementor-element-b0910c8 e-con-full e-flex e-con e-child\" data-id=\"b0910c8\" data-element_type=\"container\" data-e-type=\"container\">\n\t\t\t\t<div class=\"elementor-element elementor-element-adcccef elementor-widget elementor-widget-heading\" data-id=\"adcccef\" data-element_type=\"widget\" data-e-type=\"widget\" data-widget_type=\"heading.default\">\n\t\t\t\t\t<h2 class=\"elementor-heading-title elementor-size-default\">3. Verantwortliche im Sinne der DSGVO<\/h2>\t\t\t\t<\/div>\n\t\t\t\t<div class=\"elementor-element elementor-element-c556a22 elementor-widget elementor-widget-text-editor\" data-id=\"c556a22\" data-element_type=\"widget\" data-e-type=\"widget\" data-widget_type=\"text-editor.default\">\n\t\t\t\t\t\t\t\t\t<p>Die Datenverarbeitung auf dieser Website erfolgt durch mehrere rechtlich selbstst\u00e4ndige Verantwortliche im Sinne von Art. 4 Nr. 7 DSGVO.<\/p><p>Je nach Kontaktaufnahme oder Leistung ist Verantwortlicher einer der oben genannten Anbieter.<\/p><p>Der jeweils zust\u00e4ndige Anbieter wird sp\u00e4testens bei individueller Kontaktaufnahme oder vor Vertragsschluss benannt.<\/p>\t\t\t\t\t\t\t\t<\/div>\n\t\t\t\t<\/div>\n\t\t<div class=\"elementor-element elementor-element-aa7a3f3 e-con-full e-flex e-con e-child\" data-id=\"aa7a3f3\" data-element_type=\"container\" data-e-type=\"container\">\n\t\t\t\t<div class=\"elementor-element elementor-element-d3865c3 elementor-widget elementor-widget-heading\" data-id=\"d3865c3\" data-element_type=\"widget\" data-e-type=\"widget\" data-widget_type=\"heading.default\">\n\t\t\t\t\t<h2 class=\"elementor-heading-title elementor-size-default\">4. Kontaktaufnahme<\/h2>\t\t\t\t<\/div>\n\t\t\t\t<div class=\"elementor-element elementor-element-afbe102 elementor-widget elementor-widget-text-editor\" data-id=\"afbe102\" data-element_type=\"widget\" data-e-type=\"widget\" data-widget_type=\"text-editor.default\">\n\t\t\t\t\t\t\t\t\t<p>F\u00fcr die erste Kontaktaufnahme steht eine gemeinsame E-Mail-Adresse zur Verf\u00fcgung:<\/p><p><a href=\"mailto:hello@skynative-consulting.eu\">hello@skynative-consulting.eu<\/a><\/p><p>Anfragen werden ausschlie\u00dflich zum Zweck der internen Zuordnung an den zust\u00e4ndigen Anbieter weitergeleitet.<\/p><p>Skynative\u00ae is a registered trademark.<\/p>\t\t\t\t\t\t\t\t<\/div>\n\t\t\t\t<\/div>\n\t\t<div class=\"elementor-element elementor-element-6221af5 e-con-full e-flex e-con e-child\" data-id=\"6221af5\" data-element_type=\"container\" data-e-type=\"container\">\n\t\t\t\t<div class=\"elementor-element elementor-element-e216d57 elementor-widget elementor-widget-heading\" data-id=\"e216d57\" data-element_type=\"widget\" data-e-type=\"widget\" data-widget_type=\"heading.default\">\n\t\t\t\t\t<h3 class=\"elementor-heading-title elementor-size-default\">Rechtsgrundlagen:<\/h3>\t\t\t\t<\/div>\n\t\t\t\t<div class=\"elementor-element elementor-element-941e586 elementor-widget elementor-widget-text-editor\" data-id=\"941e586\" data-element_type=\"widget\" data-e-type=\"widget\" data-widget_type=\"text-editor.default\">\n\t\t\t\t\t\t\t\t\t<p>Art. 6 Abs. 1 lit. b DSGVO (Vertragsanbahnung)  <\/p><p>Art. 6 Abs. 1 lit. f DSGVO (berechtigtes Interesse)  <\/p>\t\t\t\t\t\t\t\t<\/div>\n\t\t\t\t<\/div>\n\t\t\t\t\t<\/div>\n\t\t\t\t<\/div>\n\t\t\t\t<\/div>\n\t\t","protected":false},"excerpt":{"rendered":"<p>Impressum 1. Anbieter und Leistungserbringung Auf dieser Website werden Leistungen sowohl durch die [Name der GmbH] als auch durch rechtlich selbstst\u00e4ndige Freiberuflerinnen und Freiberufler angeboten. Der jeweilige Leistungserbringer wird vor Vertragsschluss eindeutig benannt. Vertragsschluss und Abrechnung erfolgen ausschlie\u00dflich mit dem jeweils benannten Anbieter. 2. Anbieterkennzeichnung gem\u00e4\u00df \u00a7 5 DDG Skynative UG Diakonissenstra\u00dfe 62 67346 Speyer [&hellip;]<\/p>\n","protected":false},"author":1,"featured_media":0,"parent":0,"menu_order":0,"comment_status":"closed","ping_status":"closed","template":"","meta":{"footnotes":""},"class_list":["post-1464","page","type-page","status-publish","hentry"],"_links":{"self":[{"href":"https:\/\/skynative-consulting.eu\/de\/wp-json\/wp\/v2\/pages\/1464","targetHints":{"allow":["GET"]}}],"collection":[{"href":"https:\/\/skynative-consulting.eu\/de\/wp-json\/wp\/v2\/pages"}],"about":[{"href":"https:\/\/skynative-consulting.eu\/de\/wp-json\/wp\/v2\/types\/page"}],"author":[{"embeddable":true,"href":"https:\/\/skynative-consulting.eu\/de\/wp-json\/wp\/v2\/users\/1"}],"replies":[{"embeddable":true,"href":"https:\/\/skynative-consulting.eu\/de\/wp-json\/wp\/v2\/comments?post=1464"}],"version-history":[{"count":10,"href":"https:\/\/skynative-consulting.eu\/de\/wp-json\/wp\/v2\/pages\/1464\/revisions"}],"predecessor-version":[{"id":3014,"href":"https:\/\/skynative-consulting.eu\/de\/wp-json\/wp\/v2\/pages\/1464\/revisions\/3014"}],"wp:attachment":[{"href":"https:\/\/skynative-consulting.eu\/de\/wp-json\/wp\/v2\/media?parent=1464"}],"curies":[{"name":"wp","href":"https:\/\/api.w.org\/{rel}","templated":true}]}}